{"id":451,"date":"2017-07-03T14:46:00","date_gmt":"2017-07-03T17:46:00","guid":{"rendered":"https:\/\/napolitransportes.com.br\/?page_id=451"},"modified":"2017-07-04T18:56:15","modified_gmt":"2017-07-04T21:56:15","slug":"armazenagem","status":"publish","type":"page","link":"https:\/\/napolitransportes.com.br\/?page_id=451","title":{"rendered":"Armazenagem"},"content":{"rendered":"<p>[vc_row][vc_column]<style><\/style><section id=\"armazenagem\" class=\"row the-benefits  vc_custom_1499128861185\"><div class=\"container\"><div class=\"row section-header wow fadeInUp\"><h2>SERVI\u00c7OS DE ARMAZENAGEM<\/h2><p>Garantimos tamb\u00e9m a armazenagem de insumos e a distribui\u00e7\u00e3o\/deslocamento dos produtos acabados.<\/p><\/div><div class=\"row benefit-notes\"><div class=\"col-md-4 col-sm-6 benefit wow fadeInUp\" ><div class=\"media\"><div class=\"media-left\"><\/div><div class=\"media-body\"><\/div><\/div><\/div><\/div><\/div><\/section>[\/vc_column][\/vc_row][vc_row el_id=&#8221;crossdocking&#8221;][vc_column]<section id=\"abrangencia\" class=\"row the-watch  vc_custom_1499104580329\"><div class=\"container\"><div class=\"row\"> <div class=\"col-md-5 col-md-offset-1 text-center the-watch-img wow zoomIn\"><img decoding=\"async\" src=\"https:\/\/napolitransportes.com.br\/wp-content\/uploads\/2017\/07\/transparencia-watch.png\" alt=\"Armazenagem\" class=\"img-responsive\"><\/div><div class=\"col-md-6 the-watch-features\"><div class=\"row section-header v3 wow fadeIn\"><h2>CROSSDOCKING<\/h2><p><span style=\"color: #000000; font-family: Calibri;\">A utiliza\u00e7\u00e3o de sistema crossdocking permite, entre outras coisas:<\/span><\/p><\/div><ul class=\"nav\"><div class=\"media wow fadeInUp \"><li class=\"wow fadeIn\" data-wow-delay=\"0.2s\">Redu\u00e7\u00e3o de custos de movimenta\u00e7\u00e3o<\/li><div class=\"media wow fadeInUp \"><li class=\"wow fadeIn\" data-wow-delay=\"0.2s\">Redu\u00e7\u00e3o de custos de armazenagem<\/li><div class=\"media wow fadeInUp \"><li class=\"wow fadeIn\" data-wow-delay=\"0.2s\">Otimiza\u00e7\u00e3o dos processos<\/li><div class=\"media wow fadeInUp \"><li class=\"wow fadeIn\" data-wow-delay=\"0.2s\">Maior efici\u00eancia log\u00edsitca<\/li> <\/ul><\/div><\/div><\/div><\/section>[\/vc_column][\/vc_row][vc_row el_id=&#8221;perspectivas&#8221;][vc_column]<style>.tech-specs .section-header h2 {color: #394a74; }.tech-specs .tech-spec h4 {color: #dd9933; }.tech-specs .tech-spec p {color: #757575; }<\/style><section id=\"caracteristicas\" class=\"row tech-specs \"><div class=\"container\"><div class=\"row section-header wow fadeInUp\"><h2>O FUTURO DA ARMAZENAGEM<\/h2><p>A Napoli Transportes est\u00e1 sempre atenda as tend\u00eancias na \u00e1rea log\u00edstica. Alguns pontos que levamos em considera\u00e7\u00e3o s\u00e3o:<\/p><\/div><div class=\"row tech-specs-row\"><div class=\"col-sm-6 col-md-4 tech-spec wow fadeIn\" ><h4>Continuidade<\/h4><ul class=\"nav\">Armaz\u00e9ns 7 dias por semana, 24 horas por dia.<\/ul><\/div><div class=\"col-sm-6 col-md-4 tech-spec wow fadeIn\" ><h4>Estrat\u00e9gia<\/h4><ul class=\"nav\">Foco passar\u00e1 da estocagem est\u00e1tica para a movimenta\u00e7\u00e3o.<\/ul><\/div><div class=\"col-sm-6 col-md-4 tech-spec wow fadeIn\" ><h4>Foco<\/h4><ul class=\"nav\">Preocupa\u00e7\u00e3o com destinos e n\u00e3o com a estocagem.<\/ul><\/div><div class=\"col-sm-6 col-md-4 tech-spec wow fadeIn\" ><h4>Crossdocking<\/h4><ul class=\"nav\">Centros de distribui\u00e7\u00e3o tender\u00e3o a se transformar em \u00e1reas de crossdocking, sem funcionar como acumuladores de materiais.<\/ul><\/div><div class=\"col-sm-6 col-md-4 tech-spec wow fadeIn\" ><h4>Demanda<\/h4><ul class=\"nav\">Dimens\u00e3o das caixas tender\u00e1 a diminuir e as empresas se esfor\u00e7ar\u00e3o para atender ao ritmo de reposi\u00e7\u00e3o do Cliente.<\/ul><\/div><div class=\"col-sm-6 col-md-4 tech-spec wow fadeIn\" ><h4>Geolocaliza\u00e7\u00e3o <\/h4><ul class=\"nav\">Armaz\u00e9ns dever\u00e3o estar mais pr\u00f3ximos de seus mercados e das rotas de transporte.<\/ul><\/div><div class=\"col-sm-6 col-md-4 tech-spec wow fadeIn\" ><h4>Multiplataformas<\/h4><ul class=\"nav\">\u00c1reas de estocagem tender\u00e3o a diminuir e v\u00e1rias outras opera\u00e7\u00f5es acontecer\u00e3o dentro dos armaz\u00e9ns (forma\u00e7\u00e3o de kits, rotulagem final, embalagens customizadas, etc).<\/ul><\/div><div class=\"col-sm-6 col-md-4 tech-spec wow fadeIn\" ><h4>Nova Vis\u00e3o<\/h4><ul class=\"nav\">No armaz\u00e9m do futuro, o que entra n\u00e3o \u00e9 necessariamente o que sai.<\/ul><\/div><div class=\"col-sm-6 col-md-4 tech-spec wow fadeIn\" ><h4>Tecnologia<\/h4><ul class=\"nav\">Uso intensivo de tecnologia de informa\u00e7\u00e3o, utilizando sistemas que operam em tempo real.<\/ul><\/div><div class=\"col-sm-6 col-md-4 tech-spec wow fadeIn\" ><h4>Efici\u00eancia<\/h4><ul class=\"nav\">Mecaniza\u00e7\u00e3o das opera\u00e7\u00f5es de movimenta\u00e7\u00e3o, tornando-as mais r\u00e1pidas e seguras.<\/ul><\/div><div class=\"col-sm-6 col-md-4 tech-spec wow fadeIn\" ><h4>Business Intelligence <\/h4><ul class=\"nav\">Cada vez mais as empresas ser\u00e3o cobradas por melhores indicadores de Tempo de Ciclo do Pedido e % OTIF.<\/ul><\/div><\/div><\/div><\/section>[\/vc_column][\/vc_row]<\/p>\n","protected":false},"excerpt":{"rendered":"<p>[vc_row][vc_column][\/vc_column][\/vc_row][vc_row el_id=&#8221;crossdocking&#8221;][vc_column][\/vc_column][\/vc_row][vc_row el_id=&#8221;perspectivas&#8221;][vc_column][\/vc_column][\/vc_row]<\/p>\n","protected":false},"author":1,"featured_media":0,"parent":0,"menu_order":0,"comment_status":"closed","ping_status":"closed","template":"unlimited-page.php","meta":{"inline_featured_image":false,"footnotes":""},"class_list":["post-451","page","type-page","status-publish","hentry"],"_links":{"self":[{"href":"https:\/\/napolitransportes.com.br\/index.php?rest_route=\/wp\/v2\/pages\/451","targetHints":{"allow":["GET"]}}],"collection":[{"href":"https:\/\/napolitransportes.com.br\/index.php?rest_route=\/wp\/v2\/pages"}],"about":[{"href":"https:\/\/napolitransportes.com.br\/index.php?rest_route=\/wp\/v2\/types\/page"}],"author":[{"embeddable":true,"href":"https:\/\/napolitransportes.com.br\/index.php?rest_route=\/wp\/v2\/users\/1"}],"replies":[{"embeddable":true,"href":"https:\/\/napolitransportes.com.br\/index.php?rest_route=%2Fwp%2Fv2%2Fcomments&post=451"}],"version-history":[{"count":0,"href":"https:\/\/napolitransportes.com.br\/index.php?rest_route=\/wp\/v2\/pages\/451\/revisions"}],"wp:attachment":[{"href":"https:\/\/napolitransportes.com.br\/index.php?rest_route=%2Fwp%2Fv2%2Fmedia&parent=451"}],"curies":[{"name":"wp","href":"https:\/\/api.w.org\/{rel}","templated":true}]}}