{"id":509,"date":"2017-07-03T19:32:13","date_gmt":"2017-07-03T22:32:13","guid":{"rendered":"https:\/\/napolitransportes.com.br\/?page_id=509"},"modified":"2017-07-05T18:20:30","modified_gmt":"2017-07-05T21:20:30","slug":"frota","status":"publish","type":"page","link":"https:\/\/napolitransportes.com.br\/?page_id=509","title":{"rendered":"Frota"},"content":{"rendered":"<p>[vc_row][vc_column]<style><\/style><section id=\"servicos\" class=\"row the-benefits  vc_custom_1499129070649\"><div class=\"container\"><div class=\"row section-header wow fadeInUp\"><h2>FROTA<\/h2><p>A Napoli Transportes est\u00e1 pronta para levar sua carga a qualquer lugar e em qualquer momento. Confira os tipos de caminh\u00f5es da nossa frota e algumas especifica\u00e7\u00f5es:<\/p><\/div><div class=\"row benefit-notes\"><div class=\"col-md-4 col-sm-6 benefit wow fadeInUp\" ><div class=\"media\"><div class=\"media-left\"><\/div><div class=\"media-body\"><\/div><\/div><\/div><\/div><\/div><\/section>[\/vc_column][\/vc_row][vc_row][vc_column]<section id=\"split-section\" class=\"row split-columns \"><div class=\"row m0 split-column wow fadeIn\"><div class=\"col-sm-6 image text-right\"><img decoding=\"async\" src=\"https:\/\/napolitransportes.com.br\/wp-content\/uploads\/2017\/07\/vuc.jpg\" alt=\"Frota\"><\/div><div class=\"col-sm-6 texts\"><div class=\"texts-inner row m0\"><h2>VUC<\/h2><p>Ve\u00edculo Urbano de Carga (VUC) \u00e9 o caminh\u00e3o de menor porte, mais apropriado para \u00e1reas urbanas. Esta caracter\u00edstica de ve\u00edculo deve respeitar as caracter\u00edsticas indicadas pelo CONTRAN, a capacidade do VUC \u00e9 de 3 toneladas.<\/p><\/div><\/div><\/div><div class=\"row m0 split-column wow fadeIn\"><div class=\"col-sm-6 col-sm-push-6 image\"><img decoding=\"async\" src=\"https:\/\/napolitransportes.com.br\/wp-content\/uploads\/2017\/07\/van-sprinter.jpg\" alt=\"Frota\"><\/div><div class=\"col-sm-6 col-sm-pull-6 texts\"><div class=\"texts-inner row m0\"><h2>VAN Passageiros<\/h2><p>Muito utilizada para transportes de pequenas encomendas para diversos destinos, possibilitando um custo reduzido de transportes e prazos.<\/p><\/div><\/div><\/div><\/section>[\/vc_column][\/vc_row][vc_row][vc_column]<section id=\"split-section\" class=\"row split-columns \"><div class=\"row m0 split-column wow fadeIn\"><div class=\"col-sm-6 image text-right\"><img decoding=\"async\" src=\"https:\/\/napolitransportes.com.br\/wp-content\/uploads\/2017\/07\/sprinter-van-cargo.jpg\" alt=\"Frota\"><\/div><div class=\"col-sm-6 texts\"><div class=\"texts-inner row m0\"><h2>VAN Cargo<\/h2><p>Muito utilizada para transportes de pequenas encomendas para diversos destinos, possibilitando um custo reduzido de transportes e prazos.<\/p><\/div><\/div><\/div><div class=\"row m0 split-column wow fadeIn\"><div class=\"col-sm-6 col-sm-push-6 image\"><img decoding=\"async\" src=\"https:\/\/napolitransportes.com.br\/wp-content\/uploads\/2017\/07\/caminh\u00e3o-3_4.jpg\" alt=\"Frota\"><\/div><div class=\"col-sm-6 col-sm-pull-6 texts\"><div class=\"texts-inner row m0\"><h2>Caminh\u00e3o 3\/4<\/h2><p>Caminh\u00f5es 3\/4 s\u00e3o leves compostos por dois eixos com capacidade de carregamento de menor porte (at\u00e9 4t) variando conforme dist\u00e2ncia do eixo e o tamanho da carroceria.<\/p><\/div><\/div><\/div><\/section>[\/vc_column][\/vc_row][vc_row][vc_column]<section id=\"split-section\" class=\"row split-columns \"><div class=\"row m0 split-column wow fadeIn\"><div class=\"col-sm-6 image text-right\"><img decoding=\"async\" src=\"https:\/\/napolitransportes.com.br\/wp-content\/uploads\/2017\/07\/caminhao-bau-limpo.jpg\" alt=\"Frota\"><\/div><div class=\"col-sm-6 texts\"><div class=\"texts-inner row m0\"><h2>Caminh\u00e3o Truck<\/h2><p>O objetivo do truck \u00e9 poder carregar carga maior e proporcionar melhor desempenho ao ve\u00edculo. Um dos eixos traseiros deve necessariamente receber a for\u00e7a do motor. Sua capacidade \u00e9 de 10 a 14 toneladas.<\/p><\/div><\/div><\/div><div class=\"row m0 split-column wow fadeIn\"><div class=\"col-sm-6 col-sm-push-6 image\"><img decoding=\"async\" src=\"https:\/\/napolitransportes.com.br\/wp-content\/uploads\/2017\/07\/agua.jpg\" alt=\"Frota\"><\/div><div class=\"col-sm-6 col-sm-pull-6 texts\"><div class=\"texts-inner row m0\"><h2>Caminh\u00e3o Pipa<\/h2><p>O caminh\u00e3o-pipa pode ser utilizado para controle de emiss\u00e3o de poeira, umecta\u00e7\u00e3o de vias e p\u00e1tios, terraplenagem, irriga\u00e7\u00e3o, lavagem de ruas e pra\u00e7as, abastecimento de \u00e1gua pot\u00e1vel.<\/p><\/div><\/div><\/div><\/section>[\/vc_column][\/vc_row][vc_row][vc_column]<section id=\"split-section\" class=\"row split-columns \"><div class=\"row m0 split-column wow fadeIn\"><div class=\"col-sm-6 image text-right\"><img decoding=\"async\" src=\"https:\/\/napolitransportes.com.br\/wp-content\/uploads\/2017\/07\/carreta-bau-sider-limpa.jpg\" alt=\"Frota\"><\/div><div class=\"col-sm-6 texts\"><div class=\"texts-inner row m0\"><h2>Caminh\u00e3o Carreta<\/h2><p>A Carreta usa um cavalo mec\u00e2nico com 2 eixos e um semi-reboque com 3 eixos. O comprimento \u00e9 o mesmo da carreta de 2 eixos, mas o peso bruto m\u00e1ximo \u00e9 de 41,5 toneladas.<\/p><\/div><\/div><\/div><div class=\"row m0 split-column wow fadeIn\"><div class=\"col-sm-6 col-sm-push-6 image\"><img decoding=\"async\" src=\"https:\/\/napolitransportes.com.br\/wp-content\/uploads\/2017\/07\/vanerleia-branco.jpg\" alt=\"Frota\"><\/div><div class=\"col-sm-6 col-sm-pull-6 texts\"><div class=\"texts-inner row m0\"><h2>Carreta Vanderleia<\/h2><p>Com capacidade para rodar com at\u00e9 54,5 toneladas, com um semirreboque de tr\u00eas eixos espa\u00e7ados, a carreta Vanderleia \u00e9 uma \u00f3tima op\u00e7\u00e3o \nde ve\u00edculos estradeiros de longas dist\u00e2ncias.<\/p><\/div><\/div><\/div><\/section>[\/vc_column][\/vc_row][vc_row][vc_column]<section id=\"split-section\" class=\"row split-columns \"><div class=\"row m0 split-column wow fadeIn\"><div class=\"col-sm-6 image text-right\"><img decoding=\"async\" src=\"https:\/\/napolitransportes.com.br\/wp-content\/uploads\/2017\/07\/cavalo-carreta-prancha.jpg\" alt=\"Frota\"><\/div><div class=\"col-sm-6 texts\"><div class=\"texts-inner row m0\"><h2>Caminh\u00e3o Prancha<\/h2><p>O caminh\u00e3o prancha se destina ao transporte e a movimenta\u00e7\u00e3o de equipamento de grande porte, e grandes equipamentos voltados para constru\u00e7\u00e3o civil s\u00e3o as principais caracter\u00edsticas.<\/p><\/div><\/div><\/div><div class=\"row m0 split-column wow fadeIn\"><div class=\"col-sm-6 col-sm-push-6 image\"><img decoding=\"async\" src=\"https:\/\/napolitransportes.com.br\/wp-content\/uploads\/2017\/07\/cegonha2alta.jpg\" alt=\"Frota\"><\/div><div class=\"col-sm-6 col-sm-pull-6 texts\"><div class=\"texts-inner row m0\"><h2>Caminh\u00e3o Cegonha<\/h2><p>As cegonheiras s\u00e3o considerados ve\u00edculos longos e podem trafegar com 22,4 m de comprimento e no m\u00e1ximo 4,95 m de altura, estas medidas podem variar um pouco de acordo com a carga que esta sendo transportada.<\/p><\/div><\/div><\/div><\/section>[\/vc_column][\/vc_row][vc_row][vc_column]<section id=\"split-section\" class=\"row split-columns \"><div class=\"row m0 split-column wow fadeIn\"><div class=\"col-sm-6 image text-right\"><img decoding=\"async\" src=\"https:\/\/napolitransportes.com.br\/wp-content\/uploads\/2017\/07\/caminhao-bitrem.jpg\" alt=\"Frota\"><\/div><div class=\"col-sm-6 texts\"><div class=\"texts-inner row m0\"><h2>Caminh\u00e3o Bitrem<\/h2><p>Bitrem \u00e9 uma combina\u00e7\u00e3o de ve\u00edculos de carga composta por um total de sete eixos, que permite o transporte de um peso bruto total de 57 toneladas.<\/p><\/div><\/div><\/div><div class=\"row m0 split-column wow fadeIn\"><div class=\"col-sm-6 col-sm-push-6 image\"><img decoding=\"async\" src=\"https:\/\/napolitransportes.com.br\/wp-content\/uploads\/2017\/07\/scania-rodotrem.jpg\" alt=\"Frota\"><\/div><div class=\"col-sm-6 col-sm-pull-6 texts\"><div class=\"texts-inner row m0\"><h2>Caminh\u00e3o Rodotrem<\/h2><p>ROdotrem \u00e9 uma combina\u00e7\u00e3o de ve\u00edculos de carga (dois semi-reboques) composta por um total de 9 eixos que permite o transporte de um peso bruto total de 74 toneladas.<\/p><\/div><\/div><\/div><\/section>[\/vc_column][\/vc_row][vc_row][vc_column]<section id=\"split-section\" class=\"row split-columns \"><div class=\"row m0 split-column wow fadeIn\"><div class=\"col-sm-6 image text-right\"><img decoding=\"async\" src=\"https:\/\/napolitransportes.com.br\/wp-content\/uploads\/2017\/07\/carreta-container.jpg\" alt=\"Frota\"><\/div><div class=\"col-sm-6 texts\"><div class=\"texts-inner row m0\"><h2>Transporte de Cont\u00eainer<\/h2><p>Os cont\u00eaineres s\u00e3o a maneira mais segura que existe para o transporte de cargas. Al\u00e9m da redu\u00e7\u00e3o dos custos log\u00edsticos, j\u00e1 que os cont\u00eaineres podem ser transferidos rapidamente para diferentes modais de transporte.<\/p><\/div><\/div><\/div><\/section>[\/vc_column][\/vc_row]<\/p>\n","protected":false},"excerpt":{"rendered":"<p>[vc_row][vc_column][\/vc_column][\/vc_row][vc_row][vc_column][\/vc_column][\/vc_row][vc_row][vc_column][\/vc_column][\/vc_row][vc_row][vc_column][\/vc_column][\/vc_row][vc_row][vc_column][\/vc_column][\/vc_row][vc_row][vc_column][\/vc_column][\/vc_row][vc_row][vc_column][\/vc_column][\/vc_row][vc_row][vc_column][\/vc_column][\/vc_row]<\/p>\n","protected":false},"author":1,"featured_media":0,"parent":0,"menu_order":0,"comment_status":"closed","ping_status":"closed","template":"unlimited-page.php","meta":{"inline_featured_image":false,"footnotes":""},"class_list":["post-509","page","type-page","status-publish","hentry"],"_links":{"self":[{"href":"https:\/\/napolitransportes.com.br\/index.php?rest_route=\/wp\/v2\/pages\/509","targetHints":{"allow":["GET"]}}],"collection":[{"href":"https:\/\/napolitransportes.com.br\/index.php?rest_route=\/wp\/v2\/pages"}],"about":[{"href":"https:\/\/napolitransportes.com.br\/index.php?rest_route=\/wp\/v2\/types\/page"}],"author":[{"embeddable":true,"href":"https:\/\/napolitransportes.com.br\/index.php?rest_route=\/wp\/v2\/users\/1"}],"replies":[{"embeddable":true,"href":"https:\/\/napolitransportes.com.br\/index.php?rest_route=%2Fwp%2Fv2%2Fcomments&post=509"}],"version-history":[{"count":0,"href":"https:\/\/napolitransportes.com.br\/index.php?rest_route=\/wp\/v2\/pages\/509\/revisions"}],"wp:attachment":[{"href":"https:\/\/napolitransportes.com.br\/index.php?rest_route=%2Fwp%2Fv2%2Fmedia&parent=509"}],"curies":[{"name":"wp","href":"https:\/\/api.w.org\/{rel}","templated":true}]}}